{"id":48,"date":"2025-12-15T09:35:31","date_gmt":"2025-12-15T08:35:31","guid":{"rendered":"http:\/\/anita-einberger.bplaced.net\/?page_id=48"},"modified":"2026-02-13T23:11:08","modified_gmt":"2026-02-13T22:11:08","slug":"anfahrt","status":"publish","type":"page","link":"https:\/\/anita-einberger.bplaced.net\/?page_id=48","title":{"rendered":"Anfahrt"},"content":{"rendered":"<div class=\"\" style=\"\" >\n    \n    <section class=\"u-clearfix u-section-2\" id=\"sec-5826\">\n      <div class=\"u-expanded u-grey-10 u-map u-map-1\">\n        <div class=\"embed-responsive\">\n          <iframe class=\"embed-responsive-item\" src=\"\/\/maps.google.com\/maps?output=embed&amp;q=Rotensterngasse%2033-35%2F3&amp;z=16&amp;t=m\" data-map=\"JTdCJTIycG9zaXRpb25UeXBlJTIyJTNBJTIybWFwLWFkZHJlc3MlMjIlMkMlMjJhZGRyZXNzJTIyJTNBJTIyUm90ZW5zdGVybmdhc3NlJTIwMzMtMzUlMkYzJTIyJTJDJTIyem9vbSUyMiUzQTE2JTJDJTIydHlwZUlkJTIyJTNBJTIycm9hZCUyMiUyQyUyMmxhbmclMjIlM0FudWxsJTJDJTIyYXBpS2V5JTIyJTNBbnVsbCUyQyUyMm1hcmtlcnMlMjIlM0ElNUIlNUQlN0Q=\"><\/iframe>\n        <\/div>\n      <\/div>\n    <\/section>\n    <section class=\"u-clearfix u-grey-5 u-section-3\" id=\"sec-5a9e\">\n      <div class=\"u-clearfix u-sheet u-sheet-1\">\n        <div class=\"u-clearfix u-expanded-width u-gutter-10 u-layout-wrap u-layout-wrap-1\">\n          <div class=\"u-layout\" style=\"\">\n            <div class=\"u-layout-row\" style=\"\">\n              <div class=\"u-align-center u-container-style u-image u-layout-cell u-left-cell u-size-33 u-size-xs-60 u-image-1\" src=\"\" data-image-width=\"1280\" data-image-height=\"686\" style=\"background-image: url(&quot;https:\/\/anita-einberger.bplaced.net\/wp-content\/uploads\/2025\/12\/e110a9526789dacae2ade002c08c681d1134e561b5f0c7346668649b99bd619c85a5adf5811c93b3c4ce1cb2557f04d97afcde74c815d3acce5f64_1280.jpg&quot;);\">\n                <div class=\"u-container-layout u-valign-middle u-container-layout-1\" src=\"\"><\/div>\n              <\/div>\n              <div class=\"u-container-style u-layout-cell u-right-cell u-size-27 u-size-xs-60 u-layout-cell-2\" src=\"\">\n                <div class=\"u-container-layout u-container-layout-2\">\n                  <h2 class=\"u-align-center u-text u-text-1\">So erreichen Sie mich mit den \u00f6ffentlichen Verkehrsmitteln<\/h2>\n                  <p class=\"u-align-left u-text u-text-2\">UBahn Linie U1 bis Station Nestroyplatz<br>Aufgang Rotensterngasse nutzen \n                  <\/p>\n                  <div class=\"u-border-3 u-border-grey-dark-1 u-line u-line-horizontal u-line-1\"><\/div>\n                  <p class=\"u-align-left u-text u-text-3\">Buslinie 5A bis Station Nestroyplatz U-Bahn\/Rotensterngasse<\/p>\n                <\/div>\n              <\/div>\n            <\/div>\n          <\/div>\n        <\/div>\n      <\/div>\n    <\/section>\n    <section class=\"u-clearfix u-grey-5 u-section-4\" id=\"sec-7d48\">\n      <div class=\"u-clearfix u-sheet u-sheet-1\">\n        <div class=\"u-clearfix u-expanded-width u-gutter-10 u-layout-wrap u-layout-wrap-1\">\n          <div class=\"u-layout\" style=\"\">\n            <div class=\"u-layout-row\" style=\"\">\n              <div class=\"u-container-style u-layout-cell u-left-cell u-size-30 u-size-xs-60 u-layout-cell-1\" src=\"\">\n                <div class=\"u-container-layout u-container-layout-1\">\n                  <h2 class=\"u-align-center u-text u-text-1\">So erreichen Sie mich mit dem Auto<\/h2>\n                  <p class=\"u-align-center u-text u-text-2\">\n                    <span style=\"font-weight: 700;\" class=\"u-text-palette-2-base\">F\u00fcr alle die gerne mit dem Auto zu mir kommen m\u00f6chten, bitte beachten Sie das in ganz Wien, von 09:00 bis 22:00 Uhr, Kurzparkzone ist.<\/span>\n                    <br>\n                    <br> Weiters ist die Parkplatzsituation um mein Studio schlecht.\nDaher w\u00fcrde ich Sie bitten, wenn es f\u00fcr Sie m\u00f6glich ist, mit den\n\u00f6ffentlichen Verkehrsmitteln anzureisen. \n                  <\/p>\n                <\/div>\n              <\/div>\n              <div class=\"u-align-center u-container-style u-image u-layout-cell u-right-cell u-size-30 u-size-xs-60 u-image-1\" src=\"\" data-image-width=\"1280\" data-image-height=\"946\" style=\"background-image: url(&quot;https:\/\/anita-einberger.bplaced.net\/wp-content\/uploads\/2025\/12\/f47d818626f3d1e4c3a2990b7905d240d230d56ce45ffc1dd07ae2131c3aa611ccb1eed3057301ed1dc7caeb4fb505f7f3c2932a24a844c90ff1a5_1280.png&quot;);\">\n                <div class=\"u-container-layout u-valign-middle u-container-layout-2\" src=\"\"><\/div>\n              <\/div>\n            <\/div>\n          <\/div>\n        <\/div>\n      <\/div>\n    <\/section>\n    \n    \n    \n  \n<\/div>","protected":false},"excerpt":{"rendered":"<p>So erreichen Sie mich mit den \u00f6ffentlichen Verkehrsmitteln UBahn Linie U1 bis Station NestroyplatzAufgang Rotensterngasse nutzen Buslinie 5A bis Station Nestroyplatz U-Bahn\/Rotensterngasse So erreichen Sie mich mit dem Auto F\u00fcr alle die gerne mit dem Auto zu mir kommen m\u00f6chten, bitte beachten Sie das in ganz Wien, von 09:00 bis 22:00 Uhr, Kurzparkzone ist. Weiters [&hellip;]<\/p>\n","protected":false},"author":1,"featured_media":0,"parent":0,"menu_order":3,"comment_status":"closed","ping_status":"closed","template":"","meta":{"footnotes":""},"class_list":["post-48","page","type-page","status-publish","hentry"],"_links":{"self":[{"href":"https:\/\/anita-einberger.bplaced.net\/index.php?rest_route=\/wp\/v2\/pages\/48","targetHints":{"allow":["GET"]}}],"collection":[{"href":"https:\/\/anita-einberger.bplaced.net\/index.php?rest_route=\/wp\/v2\/pages"}],"about":[{"href":"https:\/\/anita-einberger.bplaced.net\/index.php?rest_route=\/wp\/v2\/types\/page"}],"author":[{"embeddable":true,"href":"https:\/\/anita-einberger.bplaced.net\/index.php?rest_route=\/wp\/v2\/users\/1"}],"replies":[{"embeddable":true,"href":"https:\/\/anita-einberger.bplaced.net\/index.php?rest_route=%2Fwp%2Fv2%2Fcomments&post=48"}],"version-history":[{"count":3,"href":"https:\/\/anita-einberger.bplaced.net\/index.php?rest_route=\/wp\/v2\/pages\/48\/revisions"}],"predecessor-version":[{"id":149,"href":"https:\/\/anita-einberger.bplaced.net\/index.php?rest_route=\/wp\/v2\/pages\/48\/revisions\/149"}],"wp:attachment":[{"href":"https:\/\/anita-einberger.bplaced.net\/index.php?rest_route=%2Fwp%2Fv2%2Fmedia&parent=48"}],"curies":[{"name":"wp","href":"https:\/\/api.w.org\/{rel}","templated":true}]}}