{"id":51,"date":"2025-12-15T09:35:34","date_gmt":"2025-12-15T08:35:34","guid":{"rendered":"http:\/\/anita-einberger.bplaced.net\/?page_id=51"},"modified":"2026-02-13T22:34:53","modified_gmt":"2026-02-13T21:34:53","slug":"preise","status":"publish","type":"page","link":"https:\/\/anita-einberger.bplaced.net\/?page_id=51","title":{"rendered":"Preise"},"content":{"rendered":"<div class=\"\" style=\"\" >\n    \n    <section class=\"u-carousel u-slide u-block-89ad-1\" id=\"carousel-94e5\" data-interval=\"5000\" data-u-ride=\"carousel\">\n      <ol class=\"u-absolute-hcenter u-carousel-indicators u-hidden u-block-89ad-2\">\n        <li data-u-target=\"#carousel-94e5\" class=\"u-active u-grey-30\" data-u-slide-to=\"0\"><\/li>\n      <\/ol>\n      <div class=\"u-carousel-inner\" role=\"listbox\">\n        <div class=\"skrollable skrollable-between u-active u-align-center u-carousel-item u-clearfix u-gradient u-section-2-1\">\n          <div class=\"u-clearfix u-sheet u-sheet-1\">\n            <h1 class=\"u-text u-text-default u-title u-text-1\"><b>Preisliste<\/b>\n            <\/h1>\n            <div class=\"u-table u-table-responsive u-table-1\">\n              <table class=\"u-table-entity\">\n                <colgroup>\n                  <col width=\"50.3%\">\n                  <col width=\"49.7%\">\n                <\/colgroup>\n                <tbody class=\"u-table-body\">\n                  <tr style=\"height: 45px;\">\n                    <td class=\"u-table-cell\">Manik\u00fcre<\/td>\n                    <td class=\"u-table-cell\">\u20ac 29<br>\n                    <\/td>\n                  <\/tr>\n                  <tr style=\"height: 45px;\">\n                    <td class=\"u-table-cell\">N\u00e4gel lackieren<\/td>\n                    <td class=\"u-table-cell\">\u20ac 6<\/td>\n                  <\/tr>\n                  <tr style=\"height: 70px;\">\n                    <td class=\"u-table-cell\">Kosmetikbehandlung 60 Min. (Individuell je nach Hauttyp)<\/td>\n                    <td class=\"u-table-cell\">\u20ac 77<\/td>\n                  <\/tr>\n                  <tr style=\"height: 46px;\">\n                    <td class=\"u-table-cell\">Kosmetikbehandlung 90 Min.<\/td>\n                    <td class=\"u-table-cell\">\u20ac 99<\/td>\n                  <\/tr>\n                  <tr style=\"height: 45px;\">\n                    <td class=\"u-table-cell\">Wimpern f\u00e4rben<\/td>\n                    <td class=\"u-table-cell\">\u20ac 14<\/td>\n                  <\/tr>\n                  <tr style=\"height: 45px;\">\n                    <td class=\"u-table-cell\">Augenbrauen f\u00e4rben<\/td>\n                    <td class=\"u-table-cell\">\u20ac 13<\/td>\n                  <\/tr>\n                  <tr style=\"height: 45px;\">\n                    <td class=\"u-table-cell\">Augenbrauen fassonieren<\/td>\n                    <td class=\"u-table-cell\">\u20ac 9<\/td>\n                  <\/tr>\n                  <tr style=\"height: 45px;\">\n                    <td class=\"u-table-cell\">Fu\u00dfpflege<\/td>\n                    <td class=\"u-table-cell\">\u20ac 45<\/td>\n                  <\/tr>\n                  <tr style=\"height: 45px;\">\n                    <td class=\"u-table-cell\">Fu\u00dfmassage (20 Min.)<\/td>\n                    <td class=\"u-table-cell\">\u20ac 20<\/td>\n                  <\/tr>\n                  <tr style=\"height: 45px;\">\n                    <td class=\"u-table-cell\">Beine harzen ganz<\/td>\n                    <td class=\"u-table-cell\">\u20ac 52<\/td>\n                  <\/tr>\n                  <tr style=\"height: 45px;\">\n                    <td class=\"u-table-cell\">Beine harzen bis zum Knie<\/td>\n                    <td class=\"u-table-cell\">\u20ac 30<\/td>\n                  <\/tr>\n                  <tr style=\"height: 45px;\">\n                    <td class=\"u-table-cell\">Bikinizone harzen<\/td>\n                    <td class=\"u-table-cell\">\u20ac 24<\/td>\n                  <\/tr>\n                  <tr style=\"height: 45px;\">\n                    <td class=\"u-table-cell\">Arme harzen<\/td>\n                    <td class=\"u-table-cell\">\u20ac 35<\/td>\n                  <\/tr>\n                  <tr style=\"height: 45px;\">\n                    <td class=\"u-table-cell\">Achsel harzen<\/td>\n                    <td class=\"u-table-cell\">\u20ac 17<\/td>\n                  <\/tr>\n                  <tr style=\"height: 45px;\">\n                    <td class=\"u-table-cell\">Oberlippe harzen<\/td>\n                    <td class=\"u-table-cell\">\u20ac 8<\/td>\n                  <\/tr>\n                  <tr style=\"height: 45px;\">\n                    <td class=\"u-table-cell\">Augenbrauen harzen <\/td>\n                    <td class=\"u-table-cell\">\u20ac 8<\/td>\n                  <\/tr>\n                <\/tbody>\n              <\/table>\n            <\/div>\n            <p class=\"u-text u-text-default u-text-2\">Alle Preise inklusive MwSt.<\/p>\n            <p class=\"u-text u-text-default u-text-3\">Derzeitig ist es nur m\u00f6glich in BAR zu bezahlen.<br>Vielen Dank f\u00fcr ihr Verst\u00e4ndnis. \n            <\/p>\n          <\/div>\n        <\/div>\n      <\/div>\n      <a class=\"u-absolute-vcenter u-carousel-control u-carousel-control-prev u-hidden u-text-grey-30 u-block-89ad-3\" href=\"#carousel-94e5\" role=\"button\" data-u-slide=\"prev\">\n        <span aria-hidden=\"true\">\n          <svg class=\"u-svg-link\" viewBox=\"0 0 477.175 477.175\"><path d=\"M145.188,238.575l215.5-215.5c5.3-5.3,5.3-13.8,0-19.1s-13.8-5.3-19.1,0l-225.1,225.1c-5.3,5.3-5.3,13.8,0,19.1l225.1,225\n                    c2.6,2.6,6.1,4,9.5,4s6.9-1.3,9.5-4c5.3-5.3,5.3-13.8,0-19.1L145.188,238.575z\"><\/path><\/svg>\n        <\/span>\n        <span class=\"sr-only\">Previous<\/span>\n      <\/a>\n      <a class=\"u-absolute-vcenter u-carousel-control u-carousel-control-next u-hidden u-text-grey-30 u-block-89ad-4\" href=\"#carousel-94e5\" role=\"button\" data-u-slide=\"next\">\n        <span aria-hidden=\"true\">\n          <svg class=\"u-svg-link\" viewBox=\"0 0 477.175 477.175\"><path d=\"M360.731,229.075l-225.1-225.1c-5.3-5.3-13.8-5.3-19.1,0s-5.3,13.8,0,19.1l215.5,215.5l-215.5,215.5\n                    c-5.3,5.3-5.3,13.8,0,19.1c2.6,2.6,6.1,4,9.5,4c3.4,0,6.9-1.3,9.5-4l225.1-225.1C365.931,242.875,365.931,234.275,360.731,229.075z\"><\/path><\/svg>\n        <\/span>\n        <span class=\"sr-only\">Weiter<\/span>\n      <\/a>\n    <\/section>\n    \n    \n    \n  \n<\/div>","protected":false},"excerpt":{"rendered":"<p>Preisliste Manik\u00fcre \u20ac 29 N\u00e4gel lackieren \u20ac 6 Kosmetikbehandlung 60 Min. (Individuell je nach Hauttyp) \u20ac 77 Kosmetikbehandlung 90 Min. \u20ac 99 Wimpern f\u00e4rben \u20ac 14 Augenbrauen f\u00e4rben \u20ac 13 Augenbrauen fassonieren \u20ac 9 Fu\u00dfpflege \u20ac 45 Fu\u00dfmassage (20 Min.) \u20ac 20 Beine harzen ganz \u20ac 52 Beine harzen bis zum Knie \u20ac 30 Bikinizone [&hellip;]<\/p>\n","protected":false},"author":1,"featured_media":0,"parent":0,"menu_order":6,"comment_status":"closed","ping_status":"closed","template":"","meta":{"footnotes":""},"class_list":["post-51","page","type-page","status-publish","hentry"],"_links":{"self":[{"href":"https:\/\/anita-einberger.bplaced.net\/index.php?rest_route=\/wp\/v2\/pages\/51","targetHints":{"allow":["GET"]}}],"collection":[{"href":"https:\/\/anita-einberger.bplaced.net\/index.php?rest_route=\/wp\/v2\/pages"}],"about":[{"href":"https:\/\/anita-einberger.bplaced.net\/index.php?rest_route=\/wp\/v2\/types\/page"}],"author":[{"embeddable":true,"href":"https:\/\/anita-einberger.bplaced.net\/index.php?rest_route=\/wp\/v2\/users\/1"}],"replies":[{"embeddable":true,"href":"https:\/\/anita-einberger.bplaced.net\/index.php?rest_route=%2Fwp%2Fv2%2Fcomments&post=51"}],"version-history":[{"count":3,"href":"https:\/\/anita-einberger.bplaced.net\/index.php?rest_route=\/wp\/v2\/pages\/51\/revisions"}],"predecessor-version":[{"id":143,"href":"https:\/\/anita-einberger.bplaced.net\/index.php?rest_route=\/wp\/v2\/pages\/51\/revisions\/143"}],"wp:attachment":[{"href":"https:\/\/anita-einberger.bplaced.net\/index.php?rest_route=%2Fwp%2Fv2%2Fmedia&parent=51"}],"curies":[{"name":"wp","href":"https:\/\/api.w.org\/{rel}","templated":true}]}}