{"id":52,"date":"2025-12-15T09:35:35","date_gmt":"2025-12-15T08:35:35","guid":{"rendered":"http:\/\/anita-einberger.bplaced.net\/?page_id=52"},"modified":"2026-02-13T22:56:09","modified_gmt":"2026-02-13T21:56:09","slug":"ueber-mich","status":"publish","type":"page","link":"https:\/\/anita-einberger.bplaced.net\/?page_id=52","title":{"rendered":"\u00dcber Mich"},"content":{"rendered":"<div class=\"\" style=\"\" >\n    \n    <section class=\"u-carousel u-slide u-block-3e94-1\" id=\"carousel-064e\" data-interval=\"5000\" data-u-ride=\"carousel\">\n      <ol class=\"u-absolute-hcenter u-carousel-indicators u-block-3e94-2\">\n        <li data-u-target=\"#carousel-064e\" class=\"u-active u-grey-30\" data-u-slide-to=\"0\"><\/li>\n      <\/ol>\n      <div class=\"u-carousel-inner\" role=\"listbox\">\n        <div class=\"skrollable skrollable-between u-active u-align-center u-carousel-item u-clearfix u-gradient u-section-2-1\">\n          <div class=\"u-clearfix u-sheet u-sheet-1\">\n            <div class=\"fr-view u-align-center u-clearfix u-rich-text u-text u-text-1\">\n              <h1 style=\"text-align: center;\">\n                <span style=\"font-size: 2.25rem; font-weight: 700;\">Herzlich Willkommen in meinem Kosmetikstudio!<\/span>\n              <\/h1>\n              <p>\n                <br>\n              <\/p>\n              <p id=\"isPasted\">Mein Name ist Anita und ich bin Kosmetikerin und Fu\u00dfpflegerin mit mittlerweile \u00fcber 20 Jahren Berufserfahrung.<br>Mit viel Leidenschaft und Fachwissen widme ich mich ganz der Pflege und Versch\u00f6nerung Ihrer Haut und ihren F\u00fc\u00dfen.\n              <\/p>\n              <p>In meinem Studio erwartet Sie ein umfassendes Angebot. Ob Manik\u00fcre, Gesichtsbehandlungen oder Fu\u00dfpflege - ich berate Sie individuell und finde die passende Behandlung f\u00fcr Ihre Bed\u00fcrfnisse und f\u00fcr ein optimales Ergebnis.<\/p>\n              <p>Ich bin stets darum bem\u00fcht, dass sich meine Kunden bei mir wohl f\u00fchlen. Ich lege viel Wert auf eine professionelle Arbeit sowie eine angenehme Atmosph\u00e4re, damit auch die Entspannung nicht zu kurz kommt. Sie werden sich bei mir in guten H\u00e4nden wissen und mit einem strahlender Haut, gepflegten F\u00fc\u00dfen und einem L\u00e4cheln mein Studio verlassen.<\/p>\n              <p>Lassen Sie sich von meinen Behandlungen \u00fcberzeugen und buchen Sie noch heute einen Termin. Ich freue mich darauf, Sie in meinem Studio begr\u00fc\u00dfen zu d\u00fcrfen!<\/p>\n              <p>\n                <br>\n              <\/p>\n            <\/div>\n            <a href=\"mailto:office@ainta-einberger.at?subject=Terimn%20anfrage\" class=\"u-border-none u-btn u-btn-round u-button-style u-hover-palette-1-light-2 u-palette-2-base u-radius-50 u-btn-1\">E-Mail<\/a>\n            <a href=\"tel:004366475315280\" class=\"u-border-none u-btn u-btn-round u-button-style u-hover-palette-1-light-2 u-palette-2-base u-radius-50 u-btn-2\">Anruf<\/a>\n            <p class=\"u-text u-text-2\">E-Mail: office@ainta-einberger.at<\/p>\n            <p class=\"u-text u-text-3\">Telefon: +43 664 753 152 80<\/p>\n          <\/div>\n        <\/div>\n      <\/div>\n      <a class=\"u-absolute-vcenter u-carousel-control u-carousel-control-prev u-hidden u-text-grey-30 u-block-3e94-3\" href=\"#carousel-064e\" role=\"button\" data-u-slide=\"prev\">\n        <span aria-hidden=\"true\">\n          <svg class=\"u-svg-link\" viewBox=\"0 0 477.175 477.175\"><path d=\"M145.188,238.575l215.5-215.5c5.3-5.3,5.3-13.8,0-19.1s-13.8-5.3-19.1,0l-225.1,225.1c-5.3,5.3-5.3,13.8,0,19.1l225.1,225\n                    c2.6,2.6,6.1,4,9.5,4s6.9-1.3,9.5-4c5.3-5.3,5.3-13.8,0-19.1L145.188,238.575z\"><\/path><\/svg>\n        <\/span>\n        <span class=\"sr-only\">Previous<\/span>\n      <\/a>\n      <a class=\"u-absolute-vcenter u-carousel-control u-carousel-control-next u-hidden u-text-grey-30 u-block-3e94-4\" href=\"#carousel-064e\" role=\"button\" data-u-slide=\"next\">\n        <span aria-hidden=\"true\">\n          <svg class=\"u-svg-link\" viewBox=\"0 0 477.175 477.175\"><path d=\"M360.731,229.075l-225.1-225.1c-5.3-5.3-13.8-5.3-19.1,0s-5.3,13.8,0,19.1l215.5,215.5l-215.5,215.5\n                    c-5.3,5.3-5.3,13.8,0,19.1c2.6,2.6,6.1,4,9.5,4c3.4,0,6.9-1.3,9.5-4l225.1-225.1C365.931,242.875,365.931,234.275,360.731,229.075z\"><\/path><\/svg>\n        <\/span>\n        <span class=\"sr-only\">Weiter<\/span>\n      <\/a>\n    <\/section>\n    \n    \n    \n  \n<\/div>","protected":false},"excerpt":{"rendered":"<p>Herzlich Willkommen in meinem Kosmetikstudio! Mein Name ist Anita und ich bin Kosmetikerin und Fu\u00dfpflegerin mit mittlerweile \u00fcber 20 Jahren Berufserfahrung.Mit viel Leidenschaft und Fachwissen widme ich mich ganz der Pflege und Versch\u00f6nerung Ihrer Haut und ihren F\u00fc\u00dfen. In meinem Studio erwartet Sie ein umfassendes Angebot. Ob Manik\u00fcre, Gesichtsbehandlungen oder Fu\u00dfpflege &#8211; ich berate Sie [&hellip;]<\/p>\n","protected":false},"author":1,"featured_media":0,"parent":0,"menu_order":7,"comment_status":"closed","ping_status":"closed","template":"","meta":{"footnotes":""},"class_list":["post-52","page","type-page","status-publish","hentry"],"_links":{"self":[{"href":"https:\/\/anita-einberger.bplaced.net\/index.php?rest_route=\/wp\/v2\/pages\/52","targetHints":{"allow":["GET"]}}],"collection":[{"href":"https:\/\/anita-einberger.bplaced.net\/index.php?rest_route=\/wp\/v2\/pages"}],"about":[{"href":"https:\/\/anita-einberger.bplaced.net\/index.php?rest_route=\/wp\/v2\/types\/page"}],"author":[{"embeddable":true,"href":"https:\/\/anita-einberger.bplaced.net\/index.php?rest_route=\/wp\/v2\/users\/1"}],"replies":[{"embeddable":true,"href":"https:\/\/anita-einberger.bplaced.net\/index.php?rest_route=%2Fwp%2Fv2%2Fcomments&post=52"}],"version-history":[{"count":4,"href":"https:\/\/anita-einberger.bplaced.net\/index.php?rest_route=\/wp\/v2\/pages\/52\/revisions"}],"predecessor-version":[{"id":146,"href":"https:\/\/anita-einberger.bplaced.net\/index.php?rest_route=\/wp\/v2\/pages\/52\/revisions\/146"}],"wp:attachment":[{"href":"https:\/\/anita-einberger.bplaced.net\/index.php?rest_route=%2Fwp%2Fv2%2Fmedia&parent=52"}],"curies":[{"name":"wp","href":"https:\/\/api.w.org\/{rel}","templated":true}]}}